{"id":295,"date":"2025-07-06T15:18:58","date_gmt":"2025-07-06T13:18:58","guid":{"rendered":"https:\/\/piosenkanazyczenie.com.pl\/?page_id=295"},"modified":"2025-07-07T18:49:52","modified_gmt":"2025-07-07T16:49:52","slug":"elementor-295","status":"publish","type":"page","link":"https:\/\/piosenkanazyczenie.com.pl\/","title":{"rendered":"Strona G\u0142\u00f3wna"},"content":{"rendered":"\t\t<div data-elementor-type=\"wp-post\" data-elementor-id=\"295\" class=\"elementor elementor-295\">\n\t\t\t\t<div class=\"elementor-element elementor-element-4d96a73f e-con-full e-flex e-con e-parent\" data-id=\"4d96a73f\" data-element_type=\"container\" data-settings=\"{&quot;background_background&quot;:&quot;classic&quot;}\">\n\t\t<div class=\"elementor-element elementor-element-5b2c4b6c e-con-full e-flex e-con e-child\" data-id=\"5b2c4b6c\" data-element_type=\"container\">\n\t\t\t\t<div class=\"elementor-element elementor-element-6f52e6a1 elementor-widget elementor-widget-image\" data-id=\"6f52e6a1\" data-element_type=\"widget\" data-widget_type=\"image.default\">\n\t\t\t\t\t\t\t\t\t\t\t\t\t\t\t<img fetchpriority=\"high\" decoding=\"async\" width=\"1024\" height=\"1024\" src=\"https:\/\/piosenkanazyczenie.com.pl\/wp-content\/uploads\/2025\/07\/q6teh1zffbxrwdjpj4hm.png\" class=\"attachment-large size-large wp-image-230\" alt=\"\" srcset=\"https:\/\/piosenkanazyczenie.com.pl\/wp-content\/uploads\/2025\/07\/q6teh1zffbxrwdjpj4hm.png 1024w, https:\/\/piosenkanazyczenie.com.pl\/wp-content\/uploads\/2025\/07\/q6teh1zffbxrwdjpj4hm-300x300.png 300w, https:\/\/piosenkanazyczenie.com.pl\/wp-content\/uploads\/2025\/07\/q6teh1zffbxrwdjpj4hm-150x150.png 150w, https:\/\/piosenkanazyczenie.com.pl\/wp-content\/uploads\/2025\/07\/q6teh1zffbxrwdjpj4hm-768x768.png 768w, https:\/\/piosenkanazyczenie.com.pl\/wp-content\/uploads\/2025\/07\/q6teh1zffbxrwdjpj4hm-600x600.png 600w, https:\/\/piosenkanazyczenie.com.pl\/wp-content\/uploads\/2025\/07\/q6teh1zffbxrwdjpj4hm-100x100.png 100w\" sizes=\"(max-width: 1024px) 100vw, 1024px\" \/>\t\t\t\t\t\t\t\t\t\t\t\t\t\t\t<\/div>\n\t\t\t\t<\/div>\n\t\t<div class=\"elementor-element elementor-element-356ff318 e-con-full e-flex e-con e-child\" data-id=\"356ff318\" data-element_type=\"container\">\n\t\t\t\t<div class=\"elementor-element elementor-element-41d0838c elementor-widget elementor-widget-heading\" data-id=\"41d0838c\" data-element_type=\"widget\" data-widget_type=\"heading.default\">\n\t\t\t\t\t<h1 class=\"elementor-heading-title elementor-size-default\">Piosenka na \u017cyczenie<\/h1>\t\t\t\t<\/div>\n\t\t\t\t<div class=\"elementor-element elementor-element-6efc9be1 elementor-widget elementor-widget-text-editor\" data-id=\"6efc9be1\" data-element_type=\"widget\" data-widget_type=\"text-editor.default\">\n\t\t\t\t\t\t\t\t\t<p>Odkryj niezapomniany prezent \u2013 piosenka na \u017cyczenie to wyj\u0105tkowy spos\u00f3b, by wyrazi\u0107 uczucia i zaskoczy\u0107 blisk\u0105 osob\u0119! W naszym sklepie zam\u00f3wisz personalizowan\u0105 piosenk\u0119, stworzon\u0105 specjalnie na Twoje zam\u00f3wienie \u2013 na urodziny, rocznic\u0119, \u015blub, jubileusz czy ka\u017cd\u0105 inn\u0105 wa\u017cn\u0105 okazj\u0119.<\/p><p class=\"my-0\">Jak to dzia\u0142a?<\/p><ul class=\"marker:text-textOff list-disc\"><li><p class=\"my-0\">Wybierasz rodzaj i styl piosenki (np. pop, rock, ballada, hip-hop)<span class=\"whitespace-nowrap\">.<\/span><\/p><\/li><li><p class=\"my-0\">Wype\u0142niasz kr\u00f3tki formularz, w kt\u00f3rym opisujesz osob\u0119 lub wydarzenie, podajesz najwa\u017cniejsze cechy, wspomnienia, anegdoty czy dedykacj\u0119<span class=\"whitespace-nowrap\">.<\/span><\/p><\/li><li><p class=\"my-0\">Nasz zesp\u00f3\u0142 tworzy unikatowy tekst i muzyk\u0119, a nast\u0119pnie nagrywa profesjonaln\u0105 wersj\u0119 utworu<span class=\"whitespace-nowrap\">.<\/span><\/p><\/li><li><p class=\"my-0\">Gotow\u0105 piosenk\u0119 otrzymujesz w formie cyfrowej (mp3, link do pobrania).<\/p><\/li><\/ul><p class=\"my-0\">Dlaczego warto?<\/p><ul class=\"marker:text-textOff list-disc\"><li><p class=\"my-0\">To\u00a0<strong>wzruszaj\u0105cy prezent<\/strong>, kt\u00f3ry na d\u0142ugo pozostaje w pami\u0119ci.<\/p><\/li><li><p class=\"my-0\">Ka\u017cda piosenka jest\u00a0<strong>jedyna w swoim rodzaju<\/strong>\u00a0i w pe\u0142ni dopasowana do Twoich oczekiwa\u0144.<\/p><\/li><li><p class=\"my-0\">Realizacja zam\u00f3wienia ju\u017c w kilka dni<span class=\"whitespace-nowrap\">.<\/span><\/p><\/li><\/ul>\t\t\t\t\t\t\t\t<\/div>\n\t\t\t\t<div class=\"elementor-element elementor-element-1aa32f9 elementor-align-justify elementor-mobile-align-center elementor-widget elementor-widget-button\" data-id=\"1aa32f9\" data-element_type=\"widget\" data-widget_type=\"button.default\">\n\t\t\t\t\t\t\t\t\t\t<a class=\"elementor-button elementor-button-link elementor-size-sm elementor-animation-shrink\" href=\"https:\/\/piosenkanazyczenie.com.pl\/?product=piosenka-na-zyczenie\">\n\t\t\t\t\t\t<span class=\"elementor-button-content-wrapper\">\n\t\t\t\t\t\t\t\t\t<span class=\"elementor-button-text\">ZAM\u00d3W PIOSENKE<\/span>\n\t\t\t\t\t<\/span>\n\t\t\t\t\t<\/a>\n\t\t\t\t\t\t\t\t<\/div>\n\t\t\t\t<div class=\"elementor-element elementor-element-250201b elementor-align-right elementor-widget elementor-widget-button\" data-id=\"250201b\" data-element_type=\"widget\" data-widget_type=\"button.default\">\n\t\t\t\t\t\t\t\t\t\t<a class=\"elementor-button elementor-button-link elementor-size-sm\" href=\"https:\/\/piosenkanazyczenie.com.pl\/?page_id=11\">\n\t\t\t\t\t\t<span class=\"elementor-button-content-wrapper\">\n\t\t\t\t\t\t\t\t\t<span class=\"elementor-button-text\">Regulamin<\/span>\n\t\t\t\t\t<\/span>\n\t\t\t\t\t<\/a>\n\t\t\t\t\t\t\t\t<\/div>\n\t\t\t\t<\/div>\n\t\t\t\t<\/div>\n\t\t<div class=\"elementor-element elementor-element-e789927 e-con-full e-flex e-con e-parent\" data-id=\"e789927\" data-element_type=\"container\" data-settings=\"{&quot;background_background&quot;:&quot;classic&quot;}\">\n\t\t<div class=\"elementor-element elementor-element-1cd9e3d6 e-con-full e-flex e-con e-child\" data-id=\"1cd9e3d6\" data-element_type=\"container\">\n\t\t\t\t<div class=\"elementor-element elementor-element-5cc5c20c elementor-widget elementor-widget-heading\" data-id=\"5cc5c20c\" data-element_type=\"widget\" data-widget_type=\"heading.default\">\n\t\t\t\t\t<h2 class=\"elementor-heading-title elementor-size-default\">Na urodziny<\/h2>\t\t\t\t<\/div>\n\t\t\t\t<div class=\"elementor-element elementor-element-6691cb70 elementor-widget elementor-widget-text-editor\" data-id=\"6691cb70\" data-element_type=\"widget\" data-widget_type=\"text-editor.default\">\n\t\t\t\t\t\t\t\t\t<p>Podaruj bliskiej osobie co\u015b absolutnie niepowtarzalnego \u2013\u00a0<strong>piosenk\u0119 stworzon\u0105 specjalnie na jej urodziny<\/strong>! To utw\u00f3r, kt\u00f3rego tekst i muzyka powstaj\u0105 na podstawie Twoich wskaz\u00f3wek: mo\u017cesz przekaza\u0107 imi\u0119 solenizanta, zabawne anegdoty, wsp\u00f3lne wspomnienia czy ulubiony styl muzyczny. Zadbamy o to, by piosenka by\u0142a pe\u0142na emocji, humoru i osobistych akcent\u00f3w<span class=\"whitespace-nowrap\">.<\/span><\/p>\t\t\t\t\t\t\t\t<\/div>\n\t\t\t\t<div class=\"elementor-element elementor-element-10b49b2 elementor-widget elementor-widget-html\" data-id=\"10b49b2\" data-element_type=\"widget\" data-widget_type=\"html.default\">\n\t\t\t\t\t<audio controls style=\"width:100%;\">\r\n  <source src=\"https:\/\/piosenkanazyczenie.com.pl\/wp-content\/uploads\/2025\/07\/AUD-20250707-WA0001.mp3\" type=\"audio\/mpeg\">\r\n  Twoja przegl\u0105darka nie obs\u0142uguje odtwarzacza audio.\r\n<\/audio>\t\t\t\t<\/div>\n\t\t\t\t<\/div>\n\t\t<div class=\"elementor-element elementor-element-4933e2a3 e-con-full e-flex e-con e-child\" data-id=\"4933e2a3\" data-element_type=\"container\">\n\t\t\t\t<div class=\"elementor-element elementor-element-eb0715 elementor-widget elementor-widget-image\" data-id=\"eb0715\" data-element_type=\"widget\" data-widget_type=\"image.default\">\n\t\t\t\t\t\t\t\t\t\t\t\t\t\t\t<img decoding=\"async\" width=\"1024\" height=\"1024\" src=\"https:\/\/piosenkanazyczenie.com.pl\/wp-content\/uploads\/2025\/07\/s0rm3bpaicxr5bhsjifk.png\" class=\"attachment-large size-large wp-image-324\" alt=\"\" srcset=\"https:\/\/piosenkanazyczenie.com.pl\/wp-content\/uploads\/2025\/07\/s0rm3bpaicxr5bhsjifk.png 1024w, https:\/\/piosenkanazyczenie.com.pl\/wp-content\/uploads\/2025\/07\/s0rm3bpaicxr5bhsjifk-300x300.png 300w, https:\/\/piosenkanazyczenie.com.pl\/wp-content\/uploads\/2025\/07\/s0rm3bpaicxr5bhsjifk-150x150.png 150w, https:\/\/piosenkanazyczenie.com.pl\/wp-content\/uploads\/2025\/07\/s0rm3bpaicxr5bhsjifk-768x768.png 768w, https:\/\/piosenkanazyczenie.com.pl\/wp-content\/uploads\/2025\/07\/s0rm3bpaicxr5bhsjifk-600x600.png 600w, https:\/\/piosenkanazyczenie.com.pl\/wp-content\/uploads\/2025\/07\/s0rm3bpaicxr5bhsjifk-100x100.png 100w\" sizes=\"(max-width: 1024px) 100vw, 1024px\" \/>\t\t\t\t\t\t\t\t\t\t\t\t\t\t\t<\/div>\n\t\t\t\t<\/div>\n\t\t\t\t<\/div>\n\t\t<div class=\"elementor-element elementor-element-61fbbbf3 e-con-full e-flex e-con e-parent\" data-id=\"61fbbbf3\" data-element_type=\"container\" data-settings=\"{&quot;background_background&quot;:&quot;classic&quot;}\">\n\t\t<div class=\"elementor-element elementor-element-5becce86 e-con-full e-flex e-con e-child\" data-id=\"5becce86\" data-element_type=\"container\">\n\t\t\t\t<div class=\"elementor-element elementor-element-217085cb elementor-widget elementor-widget-heading\" data-id=\"217085cb\" data-element_type=\"widget\" data-widget_type=\"heading.default\">\n\t\t\t\t\t<h2 class=\"elementor-heading-title elementor-size-default\">Okoliczno\u015bciowa<\/h2>\t\t\t\t<\/div>\n\t\t\t\t<div class=\"elementor-element elementor-element-15f71ec5 elementor-widget elementor-widget-text-editor\" data-id=\"15f71ec5\" data-element_type=\"widget\" data-widget_type=\"text-editor.default\">\n\t\t\t\t\t\t\t\t\t<p>Piosenka na \u017cyczenie to wyj\u0105tkowy, spersonalizowany utw\u00f3r, kt\u00f3ry sprawdzi si\u0119 na ka\u017cd\u0105 okazj\u0119 \u2013 od urodzin, przez zako\u0144czenie roku szkolnego, a\u017c po imprez\u0119 firmow\u0105. Mo\u017ce by\u0107 wzruszaj\u0105cym podzi\u0119kowaniem dla nauczycieli i uczni\u00f3w podczas po\u017cegnania absolwent\u00f3w, zabawn\u0105 piosenk\u0105 integracyjn\u0105 na firmowy event lub niepowtarzalnym prezentem na jubileusz. Tekst i styl muzyczny dopasowujemy do Twoich potrzeb, dzi\u0119ki czemu ka\u017cda piosenka jest jedyna w swoim rodzaju i na d\u0142ugo pozostaje w pami\u0119ci obdarowanych.<\/p>\t\t\t\t\t\t\t\t<\/div>\n\t\t\t\t<div class=\"elementor-element elementor-element-ab74791 elementor-widget elementor-widget-html\" data-id=\"ab74791\" data-element_type=\"widget\" data-widget_type=\"html.default\">\n\t\t\t\t\t<audio controls style=\"width:100%;\">\r\n  <source src=\"https:\/\/piosenkanazyczenie.com.pl\/wp-content\/uploads\/2025\/07\/AUD-20250707-WA0002.mp3\" type=\"audio\/mpeg\">\r\n  Twoja przegl\u0105darka nie obs\u0142uguje odtwarzacza audio.\r\n<\/audio>\t\t\t\t<\/div>\n\t\t\t\t<\/div>\n\t\t<div class=\"elementor-element elementor-element-3dae0a52 e-con-full e-flex e-con e-child\" data-id=\"3dae0a52\" data-element_type=\"container\">\n\t\t\t\t<div class=\"elementor-element elementor-element-626ff764 elementor-widget elementor-widget-image\" data-id=\"626ff764\" data-element_type=\"widget\" data-widget_type=\"image.default\">\n\t\t\t\t\t\t\t\t\t\t\t\t\t\t\t<img decoding=\"async\" width=\"1024\" height=\"683\" src=\"https:\/\/piosenkanazyczenie.com.pl\/wp-content\/uploads\/2025\/07\/hesnngemp6iakmouav9o-1024x683.png\" class=\"attachment-large size-large wp-image-325\" alt=\"\" srcset=\"https:\/\/piosenkanazyczenie.com.pl\/wp-content\/uploads\/2025\/07\/hesnngemp6iakmouav9o-1024x683.png 1024w, https:\/\/piosenkanazyczenie.com.pl\/wp-content\/uploads\/2025\/07\/hesnngemp6iakmouav9o-300x200.png 300w, https:\/\/piosenkanazyczenie.com.pl\/wp-content\/uploads\/2025\/07\/hesnngemp6iakmouav9o-768x512.png 768w, https:\/\/piosenkanazyczenie.com.pl\/wp-content\/uploads\/2025\/07\/hesnngemp6iakmouav9o-600x400.png 600w, https:\/\/piosenkanazyczenie.com.pl\/wp-content\/uploads\/2025\/07\/hesnngemp6iakmouav9o.png 1536w\" sizes=\"(max-width: 1024px) 100vw, 1024px\" \/>\t\t\t\t\t\t\t\t\t\t\t\t\t\t\t<\/div>\n\t\t\t\t<\/div>\n\t\t\t\t<\/div>\n\t\t<div class=\"elementor-element elementor-element-62913aa8 e-con-full e-flex e-con e-parent\" data-id=\"62913aa8\" data-element_type=\"container\" data-settings=\"{&quot;background_background&quot;:&quot;classic&quot;}\">\n\t\t<div class=\"elementor-element elementor-element-6851b773 e-con-full e-flex e-con e-child\" data-id=\"6851b773\" data-element_type=\"container\">\n\t\t\t\t<div class=\"elementor-element elementor-element-6318ba6b elementor-widget elementor-widget-heading\" data-id=\"6318ba6b\" data-element_type=\"widget\" data-widget_type=\"heading.default\">\n\t\t\t\t\t<h2 class=\"elementor-heading-title elementor-size-default\">Na rocznice<\/h2>\t\t\t\t<\/div>\n\t\t\t\t<div class=\"elementor-element elementor-element-5ce9e380 elementor-widget elementor-widget-text-editor\" data-id=\"5ce9e380\" data-element_type=\"widget\" data-widget_type=\"text-editor.default\">\n\t\t\t\t\t\t\t\t\t<p>Szukasz wyj\u0105tkowego prezentu dla bliskiej osoby lub chcesz upami\u0119tni\u0107 Wasze niezwyk\u0142e chwile? Zam\u00f3w autorsk\u0105 piosenk\u0119 na \u017cyczenie, inspirowan\u0105 romantycznym spotkaniem zakochanej pary! To niepowtarzalna okazja, by wyrazi\u0107 swoje uczucia w niezwykle oryginalny spos\u00f3b.<\/p>\t\t\t\t\t\t\t\t<\/div>\n\t\t\t\t<div class=\"elementor-element elementor-element-62ce090 elementor-widget elementor-widget-html\" data-id=\"62ce090\" data-element_type=\"widget\" data-widget_type=\"html.default\">\n\t\t\t\t\t<audio controls style=\"width:100%;\">\r\n  <source src=\"https:\/\/piosenkanazyczenie.com.pl\/wp-content\/uploads\/2025\/07\/AUD-20250707-WA0003.mp3\" type=\"audio\/mpeg\">\r\n  Twoja przegl\u0105darka nie obs\u0142uguje odtwarzacza audio.\r\n<\/audio>\t\t\t\t<\/div>\n\t\t\t\t<\/div>\n\t\t<div class=\"elementor-element elementor-element-3595db0c e-con-full e-flex e-con e-child\" data-id=\"3595db0c\" data-element_type=\"container\">\n\t\t\t\t<div class=\"elementor-element elementor-element-1e34b0f1 elementor-widget elementor-widget-image\" data-id=\"1e34b0f1\" data-element_type=\"widget\" data-widget_type=\"image.default\">\n\t\t\t\t\t\t\t\t\t\t\t\t\t\t\t<img loading=\"lazy\" decoding=\"async\" width=\"768\" height=\"1152\" src=\"https:\/\/piosenkanazyczenie.com.pl\/wp-content\/uploads\/2025\/07\/g7irml7qawar30we4ih4-768x1152.png\" class=\"attachment-medium_large size-medium_large wp-image-326\" alt=\"\" srcset=\"https:\/\/piosenkanazyczenie.com.pl\/wp-content\/uploads\/2025\/07\/g7irml7qawar30we4ih4-768x1152.png 768w, https:\/\/piosenkanazyczenie.com.pl\/wp-content\/uploads\/2025\/07\/g7irml7qawar30we4ih4-200x300.png 200w, https:\/\/piosenkanazyczenie.com.pl\/wp-content\/uploads\/2025\/07\/g7irml7qawar30we4ih4-683x1024.png 683w, https:\/\/piosenkanazyczenie.com.pl\/wp-content\/uploads\/2025\/07\/g7irml7qawar30we4ih4-600x900.png 600w, https:\/\/piosenkanazyczenie.com.pl\/wp-content\/uploads\/2025\/07\/g7irml7qawar30we4ih4.png 1024w\" sizes=\"(max-width: 768px) 100vw, 768px\" \/>\t\t\t\t\t\t\t\t\t\t\t\t\t\t\t<\/div>\n\t\t\t\t<\/div>\n\t\t\t\t<\/div>\n\t\t\t\t<\/div>\n\t\t","protected":false},"excerpt":{"rendered":"<p>Piosenka na \u017cyczenie Odkryj niezapomniany prezent \u2013 piosenka na \u017cyczenie to wyj\u0105tkowy spos\u00f3b, by wyrazi\u0107 uczucia i zaskoczy\u0107 blisk\u0105 osob\u0119! [&hellip;]<\/p>\n","protected":false},"author":1,"featured_media":0,"parent":0,"menu_order":0,"comment_status":"closed","ping_status":"closed","template":"","meta":{"site-sidebar-layout":"no-sidebar","site-content-layout":"","ast-site-content-layout":"full-width-container","site-content-style":"default","site-sidebar-style":"default","ast-global-header-display":"","ast-banner-title-visibility":"","ast-main-header-display":"","ast-hfb-above-header-display":"","ast-hfb-below-header-display":"","ast-hfb-mobile-header-display":"","site-post-title":"disabled","ast-breadcrumbs-content":"","ast-featured-img":"disabled","footer-sml-layout":"","theme-transparent-header-meta":"","adv-header-id-meta":"","stick-header-meta":"","header-above-stick-meta":"","header-main-stick-meta":"","header-below-stick-meta":"","astra-migrate-meta-layouts":"default","ast-page-background-enabled":"default","ast-page-background-meta":{"desktop":{"background-color":"var(--ast-global-color-5)","background-image":"","background-repeat":"repeat","background-position":"center center","background-size":"auto","background-attachment":"scroll","background-type":"","background-media":"","overlay-type":"","overlay-color":"","overlay-opacity":"","overlay-gradient":""},"tablet":{"background-color":"","background-image":"","background-repeat":"repeat","background-position":"center center","background-size":"auto","background-attachment":"scroll","background-type":"","background-media":"","overlay-type":"","overlay-color":"","overlay-opacity":"","overlay-gradient":""},"mobile":{"background-color":"","background-image":"","background-repeat":"repeat","background-position":"center center","background-size":"auto","background-attachment":"scroll","background-type":"","background-media":"","overlay-type":"","overlay-color":"","overlay-opacity":"","overlay-gradient":""}},"ast-content-background-meta":{"desktop":{"background-color":"var(--ast-global-color-4)","background-image":"","background-repeat":"repeat","background-position":"center center","background-size":"auto","background-attachment":"scroll","background-type":"","background-media":"","overlay-type":"","overlay-color":"","overlay-opacity":"","overlay-gradient":""},"tablet":{"background-color":"var(--ast-global-color-4)","background-image":"","background-repeat":"repeat","background-position":"center center","background-size":"auto","background-attachment":"scroll","background-type":"","background-media":"","overlay-type":"","overlay-color":"","overlay-opacity":"","overlay-gradient":""},"mobile":{"background-color":"var(--ast-global-color-4)","background-image":"","background-repeat":"repeat","background-position":"center center","background-size":"auto","background-attachment":"scroll","background-type":"","background-media":"","overlay-type":"","overlay-color":"","overlay-opacity":"","overlay-gradient":""}},"footnotes":""},"class_list":["post-295","page","type-page","status-publish","hentry"],"_links":{"self":[{"href":"https:\/\/piosenkanazyczenie.com.pl\/index.php?rest_route=\/wp\/v2\/pages\/295","targetHints":{"allow":["GET"]}}],"collection":[{"href":"https:\/\/piosenkanazyczenie.com.pl\/index.php?rest_route=\/wp\/v2\/pages"}],"about":[{"href":"https:\/\/piosenkanazyczenie.com.pl\/index.php?rest_route=\/wp\/v2\/types\/page"}],"author":[{"embeddable":true,"href":"https:\/\/piosenkanazyczenie.com.pl\/index.php?rest_route=\/wp\/v2\/users\/1"}],"replies":[{"embeddable":true,"href":"https:\/\/piosenkanazyczenie.com.pl\/index.php?rest_route=%2Fwp%2Fv2%2Fcomments&post=295"}],"version-history":[{"count":26,"href":"https:\/\/piosenkanazyczenie.com.pl\/index.php?rest_route=\/wp\/v2\/pages\/295\/revisions"}],"predecessor-version":[{"id":392,"href":"https:\/\/piosenkanazyczenie.com.pl\/index.php?rest_route=\/wp\/v2\/pages\/295\/revisions\/392"}],"wp:attachment":[{"href":"https:\/\/piosenkanazyczenie.com.pl\/index.php?rest_route=%2Fwp%2Fv2%2Fmedia&parent=295"}],"curies":[{"name":"wp","href":"https:\/\/api.w.org\/{rel}","templated":true}]}}